{"id":368,"date":"2021-06-17T11:31:47","date_gmt":"2021-06-17T11:31:47","guid":{"rendered":"https:\/\/larson-demo.bslthemes.com\/?page_id=368"},"modified":"2026-02-26T14:28:01","modified_gmt":"2026-02-26T19:28:01","slug":"contact","status":"publish","type":"page","link":"https:\/\/malaikamedellin.com\/en\/contact\/","title":{"rendered":"Contact Us"},"content":{"rendered":"<div data-elementor-type=\"wp-page\" data-elementor-id=\"368\" class=\"elementor elementor-368\" data-elementor-post-type=\"page\">\n\t\t\t\t\t\t<section class=\"elementor-section elementor-top-section elementor-element elementor-element-a41e2b2 elementor-section-full_width elementor-section-height-default elementor-section-height-default\" data-id=\"a41e2b2\" data-element_type=\"section\">\n\t\t\t\t\t\t<div class=\"elementor-container elementor-column-gap-no\">\n\t\t\t\t\t<div class=\"elementor-column elementor-col-100 elementor-top-column elementor-element elementor-element-29bbabc\" data-id=\"29bbabc\" data-element_type=\"column\">\n\t\t\t<div class=\"elementor-widget-wrap\">\n\t\t\t\t\t\t\t<\/div>\n\t\t<\/div>\n\t\t\t\t\t<\/div>\n\t\t<\/section>\n\t\t\t\t<section class=\"elementor-section elementor-top-section elementor-element elementor-element-d46eaa0 elementor-section-boxed elementor-section-height-default elementor-section-height-default\" data-id=\"d46eaa0\" data-element_type=\"section\" data-settings=\"{&quot;background_background&quot;:&quot;slideshow&quot;,&quot;background_slideshow_gallery&quot;:[{&quot;id&quot;:6502,&quot;url&quot;:&quot;https:\\\/\\\/malaikamedellin.com\\\/wp-content\\\/uploads\\\/2024\\\/06\\\/fondo-rev.jpg&quot;}],&quot;background_slideshow_loop&quot;:&quot;yes&quot;,&quot;background_slideshow_slide_duration&quot;:5000,&quot;background_slideshow_slide_transition&quot;:&quot;fade&quot;,&quot;background_slideshow_transition_duration&quot;:500}\">\n\t\t\t\t\t\t<div class=\"elementor-container elementor-column-gap-no\">\n\t\t\t\t\t<div class=\"elementor-column elementor-col-50 elementor-top-column elementor-element elementor-element-01fa2d2\" data-id=\"01fa2d2\" data-element_type=\"column\">\n\t\t\t<div class=\"elementor-widget-wrap elementor-element-populated\">\n\t\t\t\t\t\t<div class=\"elementor-element elementor-element-4f6d00e elementor-widget elementor-widget-larson-intro\" data-id=\"4f6d00e\" data-element_type=\"widget\" data-widget_type=\"larson-intro.default\">\n\t\t\t\t<div class=\"elementor-widget-container\">\n\t\t\t\n\t\t<article class=\"article\">\n\t        <header class=\"article__header\">\n\t          <div class=\"container\">\n\t            \t            <h1 class=\"article__heading heading heading--size-large\">\n\t            \t<span >\n\t\t\t\t\t\tContact Us\t\t\t\t\t<\/span>\n\t            <\/h1>\n\t            \t            \t          <\/div>\n\t        <\/header>\n\t        \t    <\/article>\n\n\t\t\t\t<\/div>\n\t\t\t\t<\/div>\n\t\t\t\t<div class=\"elementor-element elementor-element-3837240 elementor-widget elementor-widget-larson-contact-info\" data-id=\"3837240\" data-element_type=\"widget\" data-widget_type=\"larson-contact-info.default\">\n\t\t\t\t<div class=\"elementor-widget-container\">\n\t\t\t\n\t\t<div class=\"article__map map\">\n          <div class=\"map__inner container\">\n            <div class=\"contact-block\">\n                            <div class=\"contact-block__heading\">\n              \t<span >\n\t\t\t\t\tMedell\u00edn, Colombia\t\t\t\t<\/span>\n              <\/div>\n                                          <address class=\"contact-block__address\">\n              \t<span >\n\t\t\t\t\tCra. 36 #8a-32, El Poblado, Medell\u00edn, Antioquia, Colombia\t\t\t\t<\/span>\n              <\/address>\n                                          <div class=\"contact-block__phone\">\n                <a href=\"https:\/\/wa.link\/ak5sdx\">\n                \t<span >\n\t\t\t\t\t\t+57\u00a0324\u00a05684131\u202c\t\t\t\t\t<\/span>\n                <\/a>\n              <\/div>\n                                          <div class=\"contact-block__item\">\n              \t                <div class=\"contact-block__item-hint\">\n                \t<span >\n\t\t\t\t\t\tEmail:\t\t\t\t\t<\/span>\n                <\/div>\n                                <div class=\"contact-block__item-val\">\n                  <a href=\"http:\/\/catroqui85@gmail.com\">\n                  \t<span >\n\t\t\t\t\t\tcatroqui85@gmail.com\t\t\t\t\t<\/span>\n                  <\/a>\n                <\/div>\n              <\/div>\n                                          <div class=\"contact-block__item\">\n              \t                <div class=\"contact-block__item-hint\">\n                \t<span >\n\t\t\t\t\t\tFollow us:\t\t\t\t\t<\/span>\n                <\/div>\n                                <div class=\"contact-block__item-val\">\n                  <!-- Social-->\n                  <ul class=\"contact-block__social social--contact social\">\n                                        <li class=\"social__item\">\n                      <a href=\"https:\/\/facebook.com\/\" title=\"facebook\" class=\"social__link\" target=\"_blank\">\n                        <i class=\"fa fa-facebook-f\"><\/i>\n                      <\/a>\n                    <\/li>\n                \t                    <li class=\"social__item\">\n                      <a href=\"https:\/\/twitter.com\/\" title=\"twitter\" class=\"social__link\" target=\"_blank\">\n                        <i class=\"fa fa-twitter\"><\/i>\n                      <\/a>\n                    <\/li>\n                \t                    <li class=\"social__item\">\n                      <a href=\"https:\/\/pinterest.com\/\" title=\"pinterest\" class=\"social__link\" target=\"_blank\">\n                        <i class=\"fa fa-pinterest\"><\/i>\n                      <\/a>\n                    <\/li>\n                \t                  <\/ul>\n                <\/div>\n              <\/div>\n                                          <div class=\"contact-block__item\">\n              \t                <div class=\"contact-block__item-hint\">\n                \t<span >\n\t\t\t\t\t\tOpening Hours\t\t\t\t\t<\/span>\n                <\/div>\n                                <div class=\"contact-block__item-val\">\n                \t<span >\n\t\t\t\t\t\t24\/7 : 24 Horas\t\t\t\t\t<\/span>\n                <\/div>\n              <\/div>\n                          <\/div>\n          <\/div>\n        <\/div>\n\n\t\t\t\t<\/div>\n\t\t\t\t<\/div>\n\t\t\t\t\t<\/div>\n\t\t<\/div>\n\t\t\t\t<div class=\"elementor-column elementor-col-50 elementor-top-column elementor-element elementor-element-46678d9\" data-id=\"46678d9\" data-element_type=\"column\" data-settings=\"{&quot;background_background&quot;:&quot;slideshow&quot;,&quot;background_slideshow_gallery&quot;:[],&quot;background_slideshow_loop&quot;:&quot;yes&quot;,&quot;background_slideshow_slide_duration&quot;:5000,&quot;background_slideshow_slide_transition&quot;:&quot;fade&quot;,&quot;background_slideshow_transition_duration&quot;:500}\">\n\t\t\t<div class=\"elementor-widget-wrap elementor-element-populated\">\n\t\t\t\t\t\t<div class=\"elementor-element elementor-element-649013d elementor-widget elementor-widget-larson-cf7-form\" data-id=\"649013d\" data-element_type=\"widget\" data-widget_type=\"larson-cf7-form.default\">\n\t\t\t\t<div class=\"elementor-widget-container\">\n\t\t\t\n\t\t<div class=\"article__main container\">\n          <section class=\"article__feedback feedback\">\n          \t            <div class=\"feedback__heading heading\" data-aos=\"fade\">\n            \t<span >\n\t\t\t\t\t<p>To learn more, leave us your information.<\/p>\t\t\t\t<\/span>\n            <\/div>\n            \n                        \t\n<div class=\"wpcf7 no-js\" id=\"wpcf7-f11-o1\" lang=\"en-US\" dir=\"ltr\">\n<div class=\"screen-reader-response\"><p role=\"status\" aria-live=\"polite\" aria-atomic=\"true\"><\/p> <ul><\/ul><\/div>\n<form action=\"\/wp-json\/wp\/v2\/pages\/368\" method=\"post\" class=\"wpcf7-form init\" aria-label=\"Contact form\" novalidate=\"novalidate\" data-status=\"init\" data-trp-original-action=\"\/en\/wp-json\/wp\/v2\/pages\/368#wpcf7-f11-o1\">\n<div style=\"display: none;\">\n<input type=\"hidden\" name=\"_wpcf7\" value=\"11\" \/>\n<input type=\"hidden\" name=\"_wpcf7_version\" value=\"5.9.8\" \/>\n<input type=\"hidden\" name=\"_wpcf7_locale\" value=\"en_US\" \/>\n<input type=\"hidden\" name=\"_wpcf7_unit_tag\" value=\"wpcf7-f11-o1\" \/>\n<input type=\"hidden\" name=\"_wpcf7_container_post\" value=\"0\" \/>\n<input type=\"hidden\" name=\"_wpcf7_posted_data_hash\" value=\"\" \/>\n<input type=\"hidden\" name=\"_wpcf7_recaptcha_response\" value=\"\" \/>\n<\/div>\n<div class=\"row\">\n <div class=\"feedback__field-wrapper col-12 col-md-6 col-lg-6\" data-aos=\"fade\">\n  <label class=\"field\" aria-label=\"Name\">\n   <span class=\"wpcf7-form-control-wrap\" data-name=\"cf_name\"><input size=\"40\" maxlength=\"400\" class=\"wpcf7-form-control wpcf7-text wpcf7-validates-as-required\" aria-required=\"true\" aria-invalid=\"false\" placeholder=\"Name\" value=\"\" type=\"text\" name=\"cf_name\" \/><\/span>\n  <\/label>\n <\/div>\n <div class=\"feedback__field-wrapper col-12 col-md-6 col-lg-6\" data-aos=\"fade\">\n  <label class=\"field\" aria-label=\"Email\">\n   <span class=\"wpcf7-form-control-wrap\" data-name=\"cf_email\"><input size=\"40\" maxlength=\"400\" class=\"wpcf7-form-control wpcf7-email wpcf7-validates-as-required wpcf7-text wpcf7-validates-as-email\" aria-required=\"true\" aria-invalid=\"false\" placeholder=\"Email\" value=\"\" type=\"email\" name=\"cf_email\" \/><\/span>\n  <\/label>\n <\/div>\n <div class=\"feedback__field-wrapper col-12 col-lg-12\" data-aos=\"fade\">\n  <label class=\"field\" aria-label=\"Subject\">\n   <span class=\"wpcf7-form-control-wrap\" data-name=\"cf_subject\"><input size=\"40\" maxlength=\"400\" class=\"wpcf7-form-control wpcf7-text wpcf7-validates-as-required\" aria-required=\"true\" aria-invalid=\"false\" placeholder=\"Subject\" value=\"\" type=\"text\" name=\"cf_subject\" \/><\/span>\n  <\/label>\n <\/div>\n <div class=\"feedback__field-wrapper col-12\" data-aos=\"fade\">\n  <label class=\"field\" aria-label=\"message\">\n   <span class=\"wpcf7-form-control-wrap\" data-name=\"cf_message\"><textarea cols=\"40\" rows=\"10\" maxlength=\"2000\" class=\"wpcf7-form-control wpcf7-textarea wpcf7-validates-as-required\" aria-required=\"true\" aria-invalid=\"false\" placeholder=\"Message\" name=\"cf_message\"><\/textarea><\/span>\n  <\/label>\n <\/div>\n<\/div>\n<button class=\"btn\" type=\"submit\" data-aos=\"fade\">Send<\/button><div class=\"wpcf7-response-output\" aria-hidden=\"true\"><\/div>\n<input type=\"hidden\" name=\"trp-form-language\" value=\"en\"\/><\/form>\n<\/div>\n                      <\/section>\n        <\/div>\n\n\t\t\t\t<\/div>\n\t\t\t\t<\/div>\n\t\t\t\t\t<\/div>\n\t\t<\/div>\n\t\t\t\t\t<\/div>\n\t\t<\/section>\n\t\t<div class=\"elementor-element elementor-element-5b20140 e-con-full e-flex e-con e-parent\" data-id=\"5b20140\" data-element_type=\"container\">\n\t\t<div class=\"elementor-element elementor-element-9cf7297 e-con-full e-flex e-con e-child\" data-id=\"9cf7297\" data-element_type=\"container\">\n\t\t\t\t<div class=\"elementor-element elementor-element-db28403 elementor-widget elementor-widget-larson-intro\" data-id=\"db28403\" data-element_type=\"widget\" data-widget_type=\"larson-intro.default\">\n\t\t\t\t<div class=\"elementor-widget-container\">\n\t\t\t\n\t\t<article class=\"article\">\n\t        <header class=\"article__header\">\n\t          <div class=\"container\">\n\t            \t            <h1 class=\"article__heading heading heading--size-large\">\n\t            \t<span >\n\t\t\t\t\t\t<p>Find the Provenza Hostel Here<\/p>\t\t\t\t\t<\/span>\n\t            <\/h1>\n\t            \t            \t          <\/div>\n\t        <\/header>\n\t        \t    <\/article>\n\n\t\t\t\t<\/div>\n\t\t\t\t<\/div>\n\t\t\t\t<div class=\"elementor-element elementor-element-43619a0 elementor-widget elementor-widget-google_maps\" data-id=\"43619a0\" data-element_type=\"widget\" data-widget_type=\"google_maps.default\">\n\t\t\t\t<div class=\"elementor-widget-container\">\n\t\t\t\t\t<div class=\"elementor-custom-embed\">\n\t\t\t<iframe loading=\"lazy\"\n\t\t\t\t\tsrc=\"https:\/\/maps.google.com\/maps?q=malaika%20hostal&#038;t=m&#038;z=20&#038;output=embed&#038;iwloc=near\"\n\t\t\t\t\ttitle=\"malaika hostal\"\n\t\t\t\t\taria-label=\"malaika hostal\"\n\t\t\t><\/iframe>\n\t\t<\/div>\n\t\t\t\t<\/div>\n\t\t\t\t<\/div>\n\t\t\t\t<\/div>\n\t\t\t\t<\/div>\n\t\t<div class=\"elementor-element elementor-element-eb6afce e-con-full e-flex e-con e-parent\" data-id=\"eb6afce\" data-element_type=\"container\">\n\t\t<div class=\"elementor-element elementor-element-6be7ec1 e-con-full e-flex e-con e-child\" data-id=\"6be7ec1\" data-element_type=\"container\">\n\t\t\t\t<div class=\"elementor-element elementor-element-5660b3a elementor-widget elementor-widget-larson-intro\" data-id=\"5660b3a\" data-element_type=\"widget\" data-widget_type=\"larson-intro.default\">\n\t\t\t\t<div class=\"elementor-widget-container\">\n\t\t\t\n\t\t<article class=\"article\">\n\t        <header class=\"article__header\">\n\t          <div class=\"container\">\n\t            \t            <h1 class=\"article__heading heading heading--size-large\">\n\t            \t<span >\n\t\t\t\t\t\t<p>Find the Manila Hostel Here<\/p>\t\t\t\t\t<\/span>\n\t            <\/h1>\n\t            \t            \t          <\/div>\n\t        <\/header>\n\t        \t    <\/article>\n\n\t\t\t\t<\/div>\n\t\t\t\t<\/div>\n\t\t\t\t<div class=\"elementor-element elementor-element-60e0e8b elementor-widget elementor-widget-google_maps\" data-id=\"60e0e8b\" data-element_type=\"widget\" data-widget_type=\"google_maps.default\">\n\t\t\t\t<div class=\"elementor-widget-container\">\n\t\t\t\t\t<div class=\"elementor-custom-embed\">\n\t\t\t<iframe loading=\"lazy\"\n\t\t\t\t\tsrc=\"https:\/\/maps.google.com\/maps?q=Malaika%20Manila%20Hoste&#038;t=m&#038;z=20&#038;output=embed&#038;iwloc=near\"\n\t\t\t\t\ttitle=\"Malaika Manila Hoste\"\n\t\t\t\t\taria-label=\"Malaika Manila Hoste\"\n\t\t\t><\/iframe>\n\t\t<\/div>\n\t\t\t\t<\/div>\n\t\t\t\t<\/div>\n\t\t\t\t<\/div>\n\t\t\t\t<\/div>\n\t\t\t\t<\/div>","protected":false},"excerpt":{"rendered":"<p>Contactanos Medell\u00edn, Colombia Cra. 36 #8a-32, El Poblado, Medell\u00edn, Antioquia, Colombia +57\u00a0324\u00a05684131\u202c Email: catroqui85@gmail.com Follow us: Horarios De Atenci\u00f3n 24\/7 : 24 Horas Para saber m\u00e1s dejanos tu informaci\u00f3n. Enviar Encuentra El Hostal Provenza Aqu\u00ed Encuentra El Hostal Manila Aqu\u00ed<\/p>","protected":false},"author":1,"featured_media":0,"parent":0,"menu_order":0,"comment_status":"closed","ping_status":"closed","template":"template-elementor-default.php","meta":{"_acf_changed":false,"footnotes":""},"class_list":["post-368","page","type-page","status-publish","hentry"],"acf":[],"_links":{"self":[{"href":"https:\/\/malaikamedellin.com\/en\/wp-json\/wp\/v2\/pages\/368"}],"collection":[{"href":"https:\/\/malaikamedellin.com\/en\/wp-json\/wp\/v2\/pages"}],"about":[{"href":"https:\/\/malaikamedellin.com\/en\/wp-json\/wp\/v2\/types\/page"}],"author":[{"embeddable":true,"href":"https:\/\/malaikamedellin.com\/en\/wp-json\/wp\/v2\/users\/1"}],"replies":[{"embeddable":true,"href":"https:\/\/malaikamedellin.com\/en\/wp-json\/wp\/v2\/comments?post=368"}],"version-history":[{"count":112,"href":"https:\/\/malaikamedellin.com\/en\/wp-json\/wp\/v2\/pages\/368\/revisions"}],"predecessor-version":[{"id":7240,"href":"https:\/\/malaikamedellin.com\/en\/wp-json\/wp\/v2\/pages\/368\/revisions\/7240"}],"wp:attachment":[{"href":"https:\/\/malaikamedellin.com\/en\/wp-json\/wp\/v2\/media?parent=368"}],"curies":[{"name":"wp","href":"https:\/\/api.w.org\/{rel}","templated":true}]}}